{"id":119,"date":"2022-03-14T19:00:46","date_gmt":"2022-03-14T18:00:46","guid":{"rendered":"https:\/\/angiestravelroutes.com\/?page_id=119"},"modified":"2026-03-29T22:37:58","modified_gmt":"2026-03-29T20:37:58","slug":"home-english","status":"publish","type":"page","link":"https:\/\/angiestravelroutes.com\/en\/","title":{"rendered":"Travel to Germany"},"content":{"rendered":"<p>[et_pb_section fb_built=&#8220;1&#8243; custom_padding_last_edited=&#8220;on|tablet&#8220; _builder_version=&#8220;4.27.4&#8243; _module_preset=&#8220;default&#8220; use_background_color_gradient=&#8220;on&#8220; background_color_gradient_direction=&#8220;120deg&#8220; background_color_gradient_stops=&#8220;rgba(38,40,41,0.61) 28%|rgba(38,40,41,0) 49%&#8220; background_color_gradient_overlays_image=&#8220;on&#8220; background_color_gradient_start=&#8220;rgba(38,40,41,0.61)&#8220; background_color_gradient_start_position=&#8220;39%&#8220; background_color_gradient_end=&#8220;rgba(38,40,41,0)&#8220; background_color_gradient_end_position=&#8220;95%&#8220; background_image=&#8220;https:\/\/angiestravelroutes.com\/wp-content\/uploads\/koenigssee-jenner-angelika.jpg&#8220; custom_padding=&#8220;300px||400px|0px|false|false&#8220; custom_padding_tablet=&#8220;179px||179px|0px|true|&#8220; custom_padding_phone=&#8220;80px||80px||true|false&#8220; background_last_edited=&#8220;on|phone&#8220; use_background_color_gradient_phone=&#8220;on&#8220; background_color_gradient_stops_phone=&#8220;rgba(38,40,41,0.61) 28%|rgba(30,24,25,0.07) 75%&#8220; background_color_gradient_start_phone=&#8220;rgba(38,40,41,0.61)&#8220; global_colors_info=&#8220;{}&#8220;][et_pb_row column_structure=&#8220;2_3,1_3&#8243; _builder_version=&#8220;4.27.0&#8243; _module_preset=&#8220;default&#8220; width_tablet=&#8220;83%&#8220; width_phone=&#8220;83%&#8220; width_last_edited=&#8220;on|tablet&#8220; custom_margin=&#8220;50px|auto||196px|false|false&#8220; custom_margin_tablet=&#8220;|||auto|false|false&#8220; custom_margin_phone=&#8220;|||auto|false|false&#8220; custom_margin_last_edited=&#8220;on|phone&#8220; custom_padding=&#8220;50px||7px||false|false&#8220; module_alignment_tablet=&#8220;&#8220; module_alignment_phone=&#8220;&#8220; module_alignment_last_edited=&#8220;on|tablet&#8220; global_colors_info=&#8220;{}&#8220;][et_pb_column type=&#8220;2_3&#8243; _builder_version=&#8220;4.16&#8243; _module_preset=&#8220;default&#8220; global_colors_info=&#8220;{}&#8220;][et_pb_text _builder_version=&#8220;4.27.5&#8243; _module_preset=&#8220;default&#8220; header_font=&#8220;|800|||||||&#8220; header_font_size=&#8220;48px&#8220; header_line_height=&#8220;1.7em&#8220; header_2_font_size=&#8220;25px&#8220; header_2_line_height=&#8220;1.3em&#8220; background_layout=&#8220;dark&#8220; custom_margin=&#8220;|-17px|30px||false|false&#8220; custom_margin_tablet=&#8220;|-87px|||false|false&#8220; custom_margin_phone=&#8220;|auto|36px|auto|false|false&#8220; custom_margin_last_edited=&#8220;on|phone&#8220; custom_padding=&#8220;|1px||||&#8220; custom_padding_tablet=&#8220;|1px||||&#8220; custom_padding_phone=&#8220;30px||||false|false&#8220; custom_padding_last_edited=&#8220;on|phone&#8220; header_line_height_tablet=&#8220;1.7em&#8220; header_line_height_phone=&#8220;1.3em&#8220; header_line_height_last_edited=&#8220;on|phone&#8220; global_colors_info=&#8220;{}&#8220;]<\/p>\n<h1><strong>Bucketlist Deutschland<\/strong><\/h1>\n<p><strong><\/strong><\/p>\n<h2>Orte \u2013 Geschichte \u2013 Routen<\/h2>\n<p>[\/et_pb_text][et_pb_text _builder_version=&#8220;4.27.4&#8243; _module_preset=&#8220;default&#8220; text_text_color=&#8220;#F8F9F0&#8243; custom_padding=&#8220;||15px||false|false&#8220; global_colors_info=&#8220;{}&#8220;]<\/p>\n<p>Sei dabei! Erhalte alle meine Insider-Tipps (1 bis 2 Emails pro Monat)<\/p>\n<p>[\/et_pb_text][et_pb_button button_url=&#8220;https:\/\/angiestravelroutes.com\/newsletter-1\/&#8220; url_new_window=&#8220;on&#8220; button_text=&#8220;Newsletter abonnieren&#8220; _builder_version=&#8220;4.27.4&#8243; _module_preset=&#8220;default&#8220; locked=&#8220;off&#8220; global_colors_info=&#8220;{}&#8220;][\/et_pb_button][\/et_pb_column][et_pb_column type=&#8220;1_3&#8243; _builder_version=&#8220;4.16&#8243; _module_preset=&#8220;default&#8220; global_colors_info=&#8220;{}&#8220;][\/et_pb_column][\/et_pb_row][\/et_pb_section][et_pb_section fb_built=&#8220;1&#8243; _builder_version=&#8220;4.16&#8243; _module_preset=&#8220;default&#8220; min_height=&#8220;700.5px&#8220; custom_padding=&#8220;52px||0px|||&#8220; top_divider_color=&#8220;#EBE0BA&#8220; global_colors_info=&#8220;{}&#8220;][et_pb_row _builder_version=&#8220;4.16&#8243; _module_preset=&#8220;default&#8220; global_colors_info=&#8220;{}&#8220;][et_pb_column type=&#8220;4_4&#8243; _builder_version=&#8220;4.16&#8243; _module_preset=&#8220;default&#8220; global_colors_info=&#8220;{}&#8220;][et_pb_text _builder_version=&#8220;4.27.4&#8243; _module_preset=&#8220;default&#8220; text_font=&#8220;Open Sans|600|||||||&#8220; text_font_size=&#8220;31px&#8220; text_line_height=&#8220;1.5em&#8220; custom_padding=&#8220;50px||50px||false|false&#8220; global_colors_info=&#8220;{}&#8220;]<\/p>\n<p style=\"text-align: center;\"><strong>Deutschland steckt voller \u00dcberraschungen \u2013 von verwunschenen Fachwerkd\u00f6rfern \u00fcber UNESCO-Welterbest\u00e4tten bis zu atemberaubenden Landschaften von den Alpen bis zur Nordsee.<\/strong><\/p>\n<p style=\"text-align: center;\">Auf meinem Reiseblog findest du Inspiration, Orientierung und konkrete Routenvorschl\u00e4ge f\u00fcr deine individuelle Deutschlandreise \u2013 mit Insidertipps, \u00dcberblick und praktischen Planungshilfen. Ob du auf geschichtliche Spurensuche gehst, kulturelle Highlights entdecken willst oder einfach besondere Orte suchst:<\/p>\n<p style=\"text-align: center;\"><strong>Dein Weg beginnt hier.<\/strong><\/p>\n<p>[\/et_pb_text][\/et_pb_column][\/et_pb_row][et_pb_row column_structure=&#8220;2_5,3_5&#8243; _builder_version=&#8220;4.27.5&#8243; _module_preset=&#8220;default&#8220; background_color=&#8220;#F8F9F0&#8243; custom_padding=&#8220;100px|50px|50px|50px|false|true&#8220; global_colors_info=&#8220;{}&#8220;][et_pb_column type=&#8220;2_5&#8243; _builder_version=&#8220;4.27.5&#8243; _module_preset=&#8220;default&#8220; global_colors_info=&#8220;{}&#8220;][et_pb_image src=&#8220;https:\/\/angiestravelroutes.com\/wp-content\/uploads\/altstadtzauber-freebie-titelseite.jpg&#8220; _builder_version=&#8220;4.27.5&#8243; _module_preset=&#8220;default&#8220; box_shadow_style=&#8220;preset1&#8243; global_colors_info=&#8220;{}&#8220;][\/et_pb_image][\/et_pb_column][et_pb_column type=&#8220;3_5&#8243; _builder_version=&#8220;4.27.5&#8243; _module_preset=&#8220;default&#8220; global_colors_info=&#8220;{}&#8220;][et_pb_text _builder_version=&#8220;4.27.5&#8243; _module_preset=&#8220;default&#8220; text_font=&#8220;Noto Serif|700|||||||&#8220; text_text_color=&#8220;#F8F9F0&#8243; text_font_size=&#8220;28px&#8220; text_line_height=&#8220;1.6em&#8220; background_color=&#8220;#BC9C22&#8243; custom_padding=&#8220;10px|15px|10px|15px|false|true&#8220; global_colors_info=&#8220;{}&#8220;]<\/p>\n<p>5 Altstadt-Spazierg\u00e4nge, die dir die Reiseplanung leichter machen<\/p>\n<p>[\/et_pb_text][et_pb_text _builder_version=&#8220;4.27.5&#8243; _module_preset=&#8220;default&#8220; text_font_size=&#8220;20px&#8220; text_line_height=&#8220;1.8em&#8220; custom_padding=&#8220;||1px|||&#8220; global_colors_info=&#8220;{}&#8220;]<\/p>\n<p>Wenn du St\u00e4dte mit Geschichte liebst, aber nicht stundenlang recherchieren m\u00f6chtest, ist dieses E-Book f\u00fcr dich gemacht.<\/p>\n<p>Es f\u00fchrt dich auf f\u00fcnf durchdachten Spazierg\u00e4ngen durch einige der sch\u00f6nsten historischen Altst\u00e4dte Deutschlands.<\/p>\n<p><strong>Im E-Book enthalten:<\/strong><\/p>\n<p>[\/et_pb_text][et_pb_text module_class=&#8220;wplo-bullet&#8220; _builder_version=&#8220;4.27.5&#8243; _module_preset=&#8220;default&#8220; text_font_size=&#8220;20px&#8220; text_line_height=&#8220;1.6em&#8220; ol_line_height=&#8220;1.2em&#8220; custom_padding=&#8220;||||false|false&#8220; global_colors_info=&#8220;{}&#8220;]<\/p>\n<ul>\n<li data-section-id=\"1b7gb2x\" data-start=\"3357\" data-end=\"3394\">5 historische Altstadt-Spazierg\u00e4nge<\/li>\n<li data-section-id=\"17p7v0x\" data-start=\"3395\" data-end=\"3420\">mit interaktiven Karten<\/li>\n<li data-section-id=\"juvm06\" data-start=\"3421\" data-end=\"3451\">ideal f\u00fcr St\u00e4dtereisen<\/li>\n<\/ul>\n<p>[\/et_pb_text][et_pb_button button_text=&#8220;E-Book jetzt f\u00fcr 0 \u20ac herunterladen&#8220; button_alignment=&#8220;center&#8220; _builder_version=&#8220;4.27.5&#8243; _module_preset=&#8220;default&#8220; custom_button=&#8220;on&#8220; button_text_size=&#8220;20px&#8220; button_text_color=&#8220;#F8F9F0&#8243; button_border_radius=&#8220;40px&#8220; custom_padding=&#8220;15px|20px|15px|20px|true|true&#8220; hover_enabled=&#8220;0&#8243; global_colors_info=&#8220;{}&#8220; sticky_enabled=&#8220;0&#8243;][\/et_pb_button][\/et_pb_column][\/et_pb_row][et_pb_row column_structure=&#8220;1_3,1_3,1_3&#8243; _builder_version=&#8220;4.27.5&#8243; _module_preset=&#8220;default&#8220; custom_margin=&#8220;100px||||false|false&#8220; global_colors_info=&#8220;{}&#8220;][et_pb_column type=&#8220;1_3&#8243; _builder_version=&#8220;4.16&#8243; _module_preset=&#8220;default&#8220; global_colors_info=&#8220;{}&#8220;][et_pb_blog posts_number=&#8220;1&#8243; include_categories=&#8220;42&#8243; meta_date=&#8220;d M Y&#8220; excerpt_length=&#8220;250&#8243; show_author=&#8220;off&#8220; show_date=&#8220;off&#8220; offset_number=&#8220;2&#8243; use_overlay=&#8220;on&#8220; overlay_icon_color=&#8220;#F8F9F0&#8243; hover_overlay_color=&#8220;RGBA(255,255,255,0)&#8220; hover_icon=&#8220;&#xe054;||divi||400&#8243; _builder_version=&#8220;4.27.5&#8243; _module_preset=&#8220;default&#8220; meta_text_color=&#8220;#BC9C22&#8243; meta_font_size=&#8220;14px&#8220; meta_line_height=&#8220;1.3em&#8220; read_more_font=&#8220;|700|||||||&#8220; custom_padding=&#8220;15px|10px||10px|false|false&#8220; custom_css_read_more=&#8220;background-color: #bc9c22;||display: inline-block !important;||color: #fff;||padding: 5px 14px;||margin-top: 15px;||border-radius: 50px;||content: \u201eweiterlesen\u201c;||text-transform: lowercase;&#8220; box_shadow_style_image=&#8220;preset1&#8243; global_colors_info=&#8220;{}&#8220;][\/et_pb_blog][\/et_pb_column][et_pb_column type=&#8220;1_3&#8243; _builder_version=&#8220;4.16&#8243; _module_preset=&#8220;default&#8220; global_colors_info=&#8220;{}&#8220;][et_pb_blog posts_number=&#8220;1&#8243; include_categories=&#8220;39&#8243; meta_date=&#8220;d M Y&#8220; excerpt_length=&#8220;250&#8243; show_author=&#8220;off&#8220; show_date=&#8220;off&#8220; show_pagination=&#8220;off&#8220; offset_number=&#8220;2&#8243; use_overlay=&#8220;on&#8220; overlay_icon_color=&#8220;#F8F9F0&#8243; hover_overlay_color=&#8220;RGBA(255,255,255,0)&#8220; hover_icon=&#8220;&#xe054;||divi||400&#8243; _builder_version=&#8220;4.27.5&#8243; _module_preset=&#8220;default&#8220; meta_text_color=&#8220;#BC9C22&#8243; meta_font_size=&#8220;14px&#8220; meta_line_height=&#8220;1.3em&#8220; read_more_font=&#8220;|700|||||||&#8220; custom_padding=&#8220;15px|15px||15px|false|false&#8220; hover_enabled=&#8220;0&#8243; custom_css_read_more=&#8220;background-color: #bc9c22;||display: inline-block !important;||color: #fff;||padding: 5px 14px;||margin-top: 15px;||border-radius: 50px;||content: \u201eweiterlesen\u201c;||text-transform: lowercase;&#8220; box_shadow_style_image=&#8220;preset1&#8243; global_colors_info=&#8220;{}&#8220; sticky_enabled=&#8220;0&#8243;][\/et_pb_blog][\/et_pb_column][et_pb_column type=&#8220;1_3&#8243; _builder_version=&#8220;4.16&#8243; _module_preset=&#8220;default&#8220; global_colors_info=&#8220;{}&#8220;][et_pb_blog posts_number=&#8220;1&#8243; include_categories=&#8220;12&#8243; meta_date=&#8220;d M Y&#8220; excerpt_length=&#8220;250&#8243; show_author=&#8220;off&#8220; show_date=&#8220;off&#8220; show_pagination=&#8220;off&#8220; offset_number=&#8220;1&#8243; use_overlay=&#8220;on&#8220; overlay_icon_color=&#8220;#F8F9F0&#8243; hover_overlay_color=&#8220;RGBA(255,255,255,0)&#8220; hover_icon=&#8220;&#xe054;||divi||400&#8243; _builder_version=&#8220;4.27.5&#8243; _module_preset=&#8220;default&#8220; meta_text_color=&#8220;#BC9C22&#8243; meta_font_size=&#8220;14px&#8220; meta_line_height=&#8220;1.3em&#8220; read_more_font=&#8220;|700|||||||&#8220; custom_padding=&#8220;15px|15px|2px|15px|false|false&#8220; custom_css_read_more=&#8220;background-color: #bc9c22;||display: inline-block !important;||color: #fff;||padding: 5px 14px;||margin-top: 15px;||border-radius: 50px;||content: \u201eweiterlesen\u201c;||text-transform: lowercase;&#8220; box_shadow_style_image=&#8220;preset1&#8243; global_colors_info=&#8220;{}&#8220;][\/et_pb_blog][\/et_pb_column][\/et_pb_row][\/et_pb_section][et_pb_section fb_built=&#8220;1&#8243; prev_background_color=&#8220;#ffffff&#8220; next_background_color=&#8220;#ffffff&#8220; _builder_version=&#8220;4.27.2&#8243; _module_preset=&#8220;default&#8220; background_color=&#8220;rgba(235,224,186,0.43)&#8220; custom_padding=&#8220;0px||65px|||&#8220; top_divider_style=&#8220;wave2&#8243; bottom_divider_style=&#8220;wave2&#8243; global_colors_info=&#8220;{}&#8220;][et_pb_row column_structure=&#8220;2_3,1_3&#8243; _builder_version=&#8220;4.19.1&#8243; _module_preset=&#8220;default&#8220; width=&#8220;79.9%&#8220; min_height=&#8220;516.4px&#8220; custom_padding=&#8220;60px||60px|7px|false|false&#8220; global_colors_info=&#8220;{}&#8220;][et_pb_column type=&#8220;2_3&#8243; _builder_version=&#8220;4.16&#8243; _module_preset=&#8220;default&#8220; global_colors_info=&#8220;{}&#8220;][et_pb_text _builder_version=&#8220;4.27.4&#8243; _module_preset=&#8220;default&#8220; text_line_height=&#8220;1.6em&#8220; header_2_font_size=&#8220;24px&#8220; header_2_line_height=&#8220;1.3em&#8220; width=&#8220;95%&#8220; min_height=&#8220;297.2px&#8220; max_height=&#8220;1000px&#8220; custom_margin=&#8220;||||false|false&#8220; custom_padding=&#8220;40px|10px|0px||false|false&#8220; link_option_url=&#8220;https:\/\/angiestravelroutes.com\/roadtrip-deutschland\/&#8220; link_option_url_new_window=&#8220;on&#8220; global_colors_info=&#8220;{}&#8220;]<\/p>\n<h3 data-start=\"328\" data-end=\"352\">Ich bin Angelika \u2013<\/h3>\n<h3 data-start=\"328\" data-end=\"352\"><span style=\"font-size: x-large;\">Reisebloggerin mit Leidenschaft f\u00fcr Geschichte, Kultur und besondere Orte in Deutschland<\/span><\/h3>\n<p><span><\/span><\/p>\n<p>Ich liebe es, hinter die Kulissen zu schauen \u2013 dorthin, wo die Vergangenheit greifbar wird. Ob mittelalterliche Burgen, historische St\u00e4tten oder verborgene Naturwunder: Mich faszinieren die Geschichten, die in Deutschlands Landschaften, St\u00e4dten und Sehensw\u00fcrdigkeiten stecken.<\/p>\n<p><br data-start=\"710\" data-end=\"713\" \/>Mit meinem Blog m\u00f6chte ich dich inspirieren, dein eigenes Deutschland zu erkunden \u2013 <strong data-start=\"797\" data-end=\"839\">neugierig, bewusst und gut vorbereitet<\/strong>.<br data-start=\"840\" data-end=\"843\" \/>Daf\u00fcr teile ich fundiertes Wissen, pers\u00f6nliche Eindr\u00fccke und detaillierte Routenvorschl\u00e4ge \u2013 oft als <strong data-start=\"952\" data-end=\"986\">interaktive Google-Maps-Karten<\/strong>, die dir die Planung erleichtern und neue Perspektiven er\u00f6ffnen.<\/p>\n<p><br data-start=\"1051\" data-end=\"1054\" \/>So wird deine Bucketlist Deutschland nicht nur l\u00e4nger \u2013 sondern auch lebendiger.<\/p>\n<blockquote><\/blockquote>\n<p>[\/et_pb_text][et_pb_button button_url=&#8220;https:\/\/angiestravelroutes.com\/reiseblog-deutschland\/&#8220; url_new_window=&#8220;on&#8220; button_text=&#8220;Mehr \u00fcber mich&#8220; _builder_version=&#8220;4.19.4&#8243; _module_preset=&#8220;default&#8220; custom_button=&#8220;on&#8220; button_text_color=&#8220;#F8F9F0&#8243; button_letter_spacing=&#8220;0px&#8220; background_layout=&#8220;dark&#8220; global_colors_info=&#8220;{}&#8220;][\/et_pb_button][\/et_pb_column][et_pb_column type=&#8220;1_3&#8243; _builder_version=&#8220;4.16&#8243; _module_preset=&#8220;default&#8220; global_colors_info=&#8220;{}&#8220;][et_pb_image src=&#8220;https:\/\/angiestravelroutes.com\/wp-content\/uploads\/angelika-portraet-sindelfingen-340px-2.jpg&#8220; alt=&#8220;Angelika Klein &#8211; Portr\u00e4t &#8211; Sindelfingen-2- 2022 &#8211; angiestravelroutes.com&#8220; title_text=&#8220;angelika-portraet-sindelfingen-340px-2&#8243; align=&#8220;center&#8220; _builder_version=&#8220;4.27.0&#8243; _module_preset=&#8220;default&#8220; custom_margin=&#8220;80px||||false|false&#8220; custom_margin_tablet=&#8220;120px||||false|false&#8220; custom_margin_phone=&#8220;30px||||false|false&#8220; custom_margin_last_edited=&#8220;on|phone&#8220; box_shadow_style=&#8220;preset1&#8243; global_colors_info=&#8220;{}&#8220;][\/et_pb_image][\/et_pb_column][\/et_pb_row][\/et_pb_section][et_pb_section fb_built=&#8220;1&#8243; _builder_version=&#8220;4.22.1&#8243; _module_preset=&#8220;default&#8220; global_colors_info=&#8220;{}&#8220;][et_pb_row _builder_version=&#8220;4.16&#8243; _module_preset=&#8220;default&#8220; global_colors_info=&#8220;{}&#8220;][et_pb_column type=&#8220;4_4&#8243; _builder_version=&#8220;4.16&#8243; _module_preset=&#8220;default&#8220; global_colors_info=&#8220;{}&#8220;][et_pb_text _builder_version=&#8220;4.16&#8243; _module_preset=&#8220;default&#8220; global_colors_info=&#8220;{}&#8220;]<\/p>\n<h2>Die neuesten Blog-Beitr\u00e4ge<\/h2>\n<p>[\/et_pb_text][\/et_pb_column][\/et_pb_row][et_pb_row _builder_version=&#8220;4.27.4&#8243; _module_preset=&#8220;default&#8220; global_colors_info=&#8220;{}&#8220;][et_pb_column type=&#8220;4_4&#8243; _builder_version=&#8220;4.16&#8243; _module_preset=&#8220;default&#8220; global_colors_info=&#8220;{}&#8220;][et_pb_blog fullwidth=&#8220;off&#8220; posts_number=&#8220;24&#8243; include_categories=&#8220;12,27,20,24,30,40,39,45,35,42,43&#8243; excerpt_length=&#8220;250&#8243; show_author=&#8220;off&#8220; show_date=&#8220;off&#8220; show_pagination=&#8220;off&#8220; use_overlay=&#8220;on&#8220; overlay_icon_color=&#8220;#F8F9F0&#8243; hover_overlay_color=&#8220;RGBA(255,255,255,0)&#8220; hover_icon=&#8220;&#x54;||divi||400&#8243; _builder_version=&#8220;4.27.5&#8243; _module_preset=&#8220;default&#8220; meta_text_color=&#8220;#BC9C22&#8243; meta_font_size=&#8220;14px&#8220; meta_line_height=&#8220;1.3em&#8220; hover_enabled=&#8220;0&#8243; box_shadow_style=&#8220;preset1&#8243; box_shadow_style_image=&#8220;preset1&#8243; global_colors_info=&#8220;{}&#8220; sticky_enabled=&#8220;0&#8243;][\/et_pb_blog][\/et_pb_column][\/et_pb_row][\/et_pb_section]<\/p>\n","protected":false},"excerpt":{"rendered":"<p>Bucketlist Deutschland Orte \u2013 Geschichte \u2013 RoutenSei dabei! Erhalte alle meine Insider-Tipps (1 bis 2 Emails pro Monat)Deutschland steckt voller \u00dcberraschungen \u2013 von verwunschenen Fachwerkd\u00f6rfern \u00fcber UNESCO-Welterbest\u00e4tten bis zu atemberaubenden Landschaften von den Alpen bis zur Nordsee. Auf meinem Reiseblog findest du Inspiration, Orientierung und konkrete Routenvorschl\u00e4ge f\u00fcr deine individuelle Deutschlandreise \u2013 mit Insidertipps, \u00dcberblick [&hellip;]<\/p>\n","protected":false},"author":1,"featured_media":11491,"parent":0,"menu_order":0,"comment_status":"closed","ping_status":"closed","template":"","meta":{"_et_pb_use_builder":"on","_et_pb_old_content":"","_et_gb_content_width":"","_uag_custom_page_level_css":"","_lmt_disableupdate":"","_lmt_disable":"","footnotes":""},"class_list":["post-119","page","type-page","status-publish","has-post-thumbnail","hentry"],"uagb_featured_image_src":{"full":["https:\/\/angiestravelroutes.com\/wp-content\/uploads\/koenigssee-jenner-angelika.jpg",1920,1200,false],"thumbnail":["https:\/\/angiestravelroutes.com\/wp-content\/uploads\/koenigssee-jenner-angelika-150x150.jpg",150,150,true],"medium":["https:\/\/angiestravelroutes.com\/wp-content\/uploads\/koenigssee-jenner-angelika-300x188.jpg",300,188,true],"medium_large":["https:\/\/angiestravelroutes.com\/wp-content\/uploads\/koenigssee-jenner-angelika-768x480.jpg",768,480,true],"large":["https:\/\/angiestravelroutes.com\/wp-content\/uploads\/koenigssee-jenner-angelika-1638x1024.jpg",1080,675,true],"1536x1536":["https:\/\/angiestravelroutes.com\/wp-content\/uploads\/koenigssee-jenner-angelika-1536x960.jpg",1536,960,true],"2048x2048":["https:\/\/angiestravelroutes.com\/wp-content\/uploads\/koenigssee-jenner-angelika.jpg",1920,1200,false],"trp-custom-language-flag":["https:\/\/angiestravelroutes.com\/wp-content\/uploads\/koenigssee-jenner-angelika-18x12.jpg",18,12,true],"et-pb-post-main-image":["https:\/\/angiestravelroutes.com\/wp-content\/uploads\/koenigssee-jenner-angelika-400x250.jpg",400,250,true],"et-pb-post-main-image-fullwidth":["https:\/\/angiestravelroutes.com\/wp-content\/uploads\/koenigssee-jenner-angelika-1080x675.jpg",1080,675,true],"et-pb-portfolio-image":["https:\/\/angiestravelroutes.com\/wp-content\/uploads\/koenigssee-jenner-angelika-400x284.jpg",400,284,true],"et-pb-portfolio-module-image":["https:\/\/angiestravelroutes.com\/wp-content\/uploads\/koenigssee-jenner-angelika-510x382.jpg",510,382,true],"et-pb-portfolio-image-single":["https:\/\/angiestravelroutes.com\/wp-content\/uploads\/koenigssee-jenner-angelika-1080x675.jpg",1080,675,true],"et-pb-gallery-module-image-portrait":["https:\/\/angiestravelroutes.com\/wp-content\/uploads\/koenigssee-jenner-angelika-400x516.jpg",400,516,true],"et-pb-post-main-image-fullwidth-large":["https:\/\/angiestravelroutes.com\/wp-content\/uploads\/koenigssee-jenner-angelika.jpg",1920,1200,false],"et-pb-image--responsive--desktop":["https:\/\/angiestravelroutes.com\/wp-content\/uploads\/koenigssee-jenner-angelika-1280x800.jpg",1152,720,true],"et-pb-image--responsive--tablet":["https:\/\/angiestravelroutes.com\/wp-content\/uploads\/koenigssee-jenner-angelika-980x613.jpg",881,551,true],"et-pb-image--responsive--phone":["https:\/\/angiestravelroutes.com\/wp-content\/uploads\/koenigssee-jenner-angelika-480x300.jpg",432,270,true]},"uagb_author_info":{"display_name":"Angelika Klein","author_link":"https:\/\/angiestravelroutes.com\/en\/author\/gelisbusiness2022\/"},"uagb_comment_info":0,"uagb_excerpt":"Bucketlist Deutschland Orte \u2013 Geschichte \u2013 RoutenSei dabei! Erhalte alle meine Insider-Tipps (1 bis 2 Emails pro Monat)Deutschland steckt voller \u00dcberraschungen \u2013 von verwunschenen Fachwerkd\u00f6rfern \u00fcber UNESCO-Welterbest\u00e4tten bis zu atemberaubenden Landschaften von den Alpen bis zur Nordsee. Auf meinem Reiseblog findest du Inspiration, Orientierung und konkrete Routenvorschl\u00e4ge f\u00fcr deine individuelle Deutschlandreise \u2013 mit Insidertipps, \u00dcberblick&hellip;","_links":{"self":[{"href":"https:\/\/angiestravelroutes.com\/en\/wp-json\/wp\/v2\/pages\/119","targetHints":{"allow":["GET"]}}],"collection":[{"href":"https:\/\/angiestravelroutes.com\/en\/wp-json\/wp\/v2\/pages"}],"about":[{"href":"https:\/\/angiestravelroutes.com\/en\/wp-json\/wp\/v2\/types\/page"}],"author":[{"embeddable":true,"href":"https:\/\/angiestravelroutes.com\/en\/wp-json\/wp\/v2\/users\/1"}],"replies":[{"embeddable":true,"href":"https:\/\/angiestravelroutes.com\/en\/wp-json\/wp\/v2\/comments?post=119"}],"version-history":[{"count":10,"href":"https:\/\/angiestravelroutes.com\/en\/wp-json\/wp\/v2\/pages\/119\/revisions"}],"predecessor-version":[{"id":18222,"href":"https:\/\/angiestravelroutes.com\/en\/wp-json\/wp\/v2\/pages\/119\/revisions\/18222"}],"wp:featuredmedia":[{"embeddable":true,"href":"https:\/\/angiestravelroutes.com\/en\/wp-json\/wp\/v2\/media\/11491"}],"wp:attachment":[{"href":"https:\/\/angiestravelroutes.com\/en\/wp-json\/wp\/v2\/media?parent=119"}],"curies":[{"name":"wp","href":"https:\/\/api.w.org\/{rel}","templated":true}]}}