{"id":12770,"date":"2024-11-03T23:19:57","date_gmt":"2024-11-03T22:19:57","guid":{"rendered":"https:\/\/angiestravelroutes.com\/?page_id=12770"},"modified":"2025-11-13T13:03:18","modified_gmt":"2025-11-13T12:03:18","slug":"advent-calendar-thank-you-page","status":"publish","type":"page","link":"https:\/\/angiestravelroutes.com\/en\/adventskalender-dankesseite\/","title":{"rendered":"Advent calendar 1st thank you page"},"content":{"rendered":"<p>[et_pb_section fb_built=&#8220;1&#8243; _builder_version=&#8220;4.27.2&#8243; _module_preset=&#8220;default&#8220; background_color=&#8220;#F8F9F0&#8243; custom_margin=&#8220;200px||0px||false|false&#8220; custom_padding=&#8220;0px||0px||false|false&#8220; locked=&#8220;off&#8220; global_colors_info=&#8220;{}&#8220;][et_pb_row column_structure=&#8220;1_2,1_2&#8243; make_equal=&#8220;on&#8220; _builder_version=&#8220;4.27.4&#8243; _module_preset=&#8220;default&#8220; width=&#8220;100%&#8220; max_width=&#8220;2560px&#8220; custom_margin=&#8220;0px||0px||false|false&#8220; custom_padding=&#8220;0px||0px||false|false&#8220; global_colors_info=&#8220;{}&#8220;][et_pb_column type=&#8220;1_2&#8243; _builder_version=&#8220;4.27.2&#8243; _module_preset=&#8220;default&#8220; global_colors_info=&#8220;{}&#8220;][et_pb_image src=&#8220;https:\/\/angiestravelroutes.com\/wp-content\/uploads\/adventskalender-erfurt-domplatz-2.jpg&#8220; force_fullwidth=&#8220;on&#8220; _builder_version=&#8220;4.27.4&#8243; _module_preset=&#8220;default&#8220; custom_margin=&#8220;|0px|||false|false&#8220; custom_padding=&#8220;||||false|false&#8220; border_width_all=&#8220;12px&#8220; border_color_all=&#8220;#BC9C22&#8243; border_style_all=&#8220;none&#8220; box_shadow_style=&#8220;preset1&#8243; box_shadow_spread=&#8220;9px&#8220; global_colors_info=&#8220;{}&#8220;][\/et_pb_image][\/et_pb_column][et_pb_column type=&#8220;1_2&#8243; _builder_version=&#8220;4.27.2&#8243; _module_preset=&#8220;default&#8220; global_colors_info=&#8220;{}&#8220;][et_pb_heading title=&#8220;Altstadtzauber in Deutschland&#8220; _builder_version=&#8220;4.27.4&#8243; _module_preset=&#8220;default&#8220; title_text_align=&#8220;center&#8220; title_text_color=&#8220;#BC9C22&#8243; custom_margin=&#8220;0px||50px||false|false&#8220; custom_padding=&#8220;100px||||false|false&#8220; hover_enabled=&#8220;0&#8243; global_colors_info=&#8220;{}&#8220; title_font_size=&#8220;40px&#8220; sticky_enabled=&#8220;0&#8243;][\/et_pb_heading][et_pb_text _builder_version=&#8220;4.27.4&#8243; _module_preset=&#8220;default&#8220; header_4_text_color=&#8220;#BC9C22&#8243; hover_enabled=&#8220;0&#8243; inline_fonts=&#8220;Open Sans&#8220; global_colors_info=&#8220;{}&#8220; sticky_enabled=&#8220;0&#8243; header_4_font=&#8220;Open Sans||||||||&#8220;]<\/p>\n<h4 style=\"text-align: center;\"><strong>Ein Adventskalender f\u00fcr Stadtentdecker und Genie\u00dfer<\/strong><\/h4>\n<p>[\/et_pb_text][\/et_pb_column][\/et_pb_row][\/et_pb_section][et_pb_section fb_built=&#8220;1&#8243; _builder_version=&#8220;4.27.2&#8243; _module_preset=&#8220;default&#8220; custom_margin=&#8220;100px||||false|false&#8220; locked=&#8220;off&#8220; global_colors_info=&#8220;{}&#8220;][et_pb_row _builder_version=&#8220;4.16&#8243; _module_preset=&#8220;default&#8220; global_colors_info=&#8220;{}&#8220;][et_pb_column type=&#8220;4_4&#8243; _builder_version=&#8220;4.16&#8243; _module_preset=&#8220;default&#8220; global_colors_info=&#8220;{}&#8220;][et_pb_text _builder_version=&#8220;4.18.0&#8243; _module_preset=&#8220;default&#8220; text_text_color=&#8220;#F8F9F0&#8243; background_color=&#8220;#BC9C22&#8243; min_height=&#8220;94.5px&#8220; custom_margin=&#8220;4px||||false|false&#8220; custom_padding=&#8220;32px||||false|false&#8220; global_colors_info=&#8220;{}&#8220;]<\/p>\n<h4 style=\"text-align: center;\"><span style=\"color: #f8f9f0;\">Best\u00e4tige deine E-Mail-Adresse<\/span><\/h4>\n<p>[\/et_pb_text][\/et_pb_column][\/et_pb_row][et_pb_row _builder_version=&#8220;4.16&#8243; _module_preset=&#8220;default&#8220; global_colors_info=&#8220;{}&#8220;][et_pb_column type=&#8220;4_4&#8243; _builder_version=&#8220;4.16&#8243; _module_preset=&#8220;default&#8220; global_colors_info=&#8220;{}&#8220;][et_pb_text _builder_version=&#8220;4.27.2&#8243; _module_preset=&#8220;default&#8220; text_font_size=&#8220;24px&#8220; text_line_height=&#8220;1.8em&#8220; custom_padding=&#8220;||1px|||&#8220; global_colors_info=&#8220;{}&#8220;]<\/p>\n<p style=\"text-align: center;\"><span style=\"font-size: x-large;\"><strong>Du hast es fast geschafft!<\/strong> Eine Best\u00e4tigungsmail ist auf dem Weg zu dir.<\/span><\/p>\n<p style=\"text-align: center;\"><span style=\"font-size: x-large;\">Bitte geh in dein <strong>E-Mail-Postfach<\/strong> und klicke auf den <strong>Aktivierungs-Link <\/strong>und best\u00e4tige, dass ich dir die <strong>Adventskalender-E-Mails\u00a0<\/strong>sowie meinen regelm\u00e4\u00dfigen Newsletter schicken darf.<\/span><\/p>\n<p style=\"text-align: center;\"><span style=\"font-size: x-large;\">Falls du die E-Mail in deinem <strong>Eingangsordner<\/strong> nicht findest, schau bitte im <strong>Spam-Ordner<\/strong> nach.<\/span><\/p>\n<p style=\"text-align: center;\">\n<p style=\"text-align: center;\">\n<p style=\"text-align: center;\"><span style=\"font-size: x-large;\">Liebe Gr\u00fc\u00dfe<\/span><\/p>\n<p style=\"text-align: center;\"><span style=\"font-size: x-large;\">Angelika<\/span><\/p>\n<p style=\"text-align: center;\">[\/et_pb_text][\/et_pb_column][\/et_pb_row][et_pb_row _builder_version=&#8220;4.27.2&#8243; _module_preset=&#8220;default&#8220; custom_margin=&#8220;100px||||false|false&#8220; custom_padding=&#8220;||20px|||&#8220; global_colors_info=&#8220;{}&#8220;][et_pb_column type=&#8220;4_4&#8243; _builder_version=&#8220;4.16&#8243; _module_preset=&#8220;default&#8220; global_colors_info=&#8220;{}&#8220;][et_pb_text _builder_version=&#8220;4.16&#8243; _module_preset=&#8220;default&#8220; global_colors_info=&#8220;{}&#8220;]<\/p>\n<p style=\"text-align: center;\">Folge mir auf Instagram<\/p>\n<p>[\/et_pb_text][\/et_pb_column][\/et_pb_row][et_pb_row _builder_version=&#8220;4.16&#8243; _module_preset=&#8220;default&#8220; custom_padding=&#8220;0px|||||&#8220; global_colors_info=&#8220;{}&#8220;][et_pb_column type=&#8220;4_4&#8243; _builder_version=&#8220;4.16&#8243; _module_preset=&#8220;default&#8220; global_colors_info=&#8220;{}&#8220;][et_pb_social_media_follow _builder_version=&#8220;4.16&#8243; _module_preset=&#8220;default&#8220; custom_button=&#8220;on&#8220; button_bg_color=&#8220;#BC9C22&#8243; text_orientation=&#8220;center&#8220; global_colors_info=&#8220;{}&#8220;][et_pb_social_media_follow_network social_network=&#8220;instagram&#8220; _builder_version=&#8220;4.16&#8243; _module_preset=&#8220;default&#8220; background_color=&#8220;#ea2c59&#8243; global_colors_info=&#8220;{}&#8220; follow_button=&#8220;off&#8220; url_new_window=&#8220;on&#8220;]instagram[\/et_pb_social_media_follow_network][\/et_pb_social_media_follow][\/et_pb_column][\/et_pb_row][\/et_pb_section]<\/p>\n","protected":false},"excerpt":{"rendered":"<p>Ein Adventskalender f\u00fcr Stadtentdecker und Genie\u00dferBest\u00e4tige deine E-Mail-AdresseDu hast es fast geschafft! Eine Best\u00e4tigungsmail ist auf dem Weg zu dir. Bitte geh in dein E-Mail-Postfach und klicke auf den Aktivierungs-Link und best\u00e4tige, dass ich dir die Adventskalender-E-Mails\u00a0sowie meinen regelm\u00e4\u00dfigen Newsletter schicken darf. Falls du die E-Mail in deinem Eingangsordner nicht findest, schau bitte im Spam-Ordner [&hellip;]<\/p>\n","protected":false},"author":1,"featured_media":0,"parent":0,"menu_order":0,"comment_status":"closed","ping_status":"closed","template":"","meta":{"_et_pb_use_builder":"on","_et_pb_old_content":"","_et_gb_content_width":"","_uag_custom_page_level_css":"","_lmt_disableupdate":"","_lmt_disable":"","footnotes":""},"class_list":["post-12770","page","type-page","status-publish","hentry"],"uagb_featured_image_src":{"full":false,"thumbnail":false,"medium":false,"medium_large":false,"large":false,"1536x1536":false,"2048x2048":false,"trp-custom-language-flag":false,"et-pb-post-main-image":false,"et-pb-post-main-image-fullwidth":false,"et-pb-portfolio-image":false,"et-pb-portfolio-module-image":false,"et-pb-portfolio-image-single":false,"et-pb-gallery-module-image-portrait":false,"et-pb-post-main-image-fullwidth-large":false,"et-pb-image--responsive--desktop":false,"et-pb-image--responsive--tablet":false,"et-pb-image--responsive--phone":false},"uagb_author_info":{"display_name":"Angelika Klein","author_link":"https:\/\/angiestravelroutes.com\/en\/author\/gelisbusiness2022\/"},"uagb_comment_info":0,"uagb_excerpt":"Ein Adventskalender f\u00fcr Stadtentdecker und Genie\u00dferBest\u00e4tige deine E-Mail-AdresseDu hast es fast geschafft! Eine Best\u00e4tigungsmail ist auf dem Weg zu dir. Bitte geh in dein E-Mail-Postfach und klicke auf den Aktivierungs-Link und best\u00e4tige, dass ich dir die Adventskalender-E-Mails\u00a0sowie meinen regelm\u00e4\u00dfigen Newsletter schicken darf. Falls du die E-Mail in deinem Eingangsordner nicht findest, schau bitte im Spam-Ordner&hellip;","_links":{"self":[{"href":"https:\/\/angiestravelroutes.com\/en\/wp-json\/wp\/v2\/pages\/12770","targetHints":{"allow":["GET"]}}],"collection":[{"href":"https:\/\/angiestravelroutes.com\/en\/wp-json\/wp\/v2\/pages"}],"about":[{"href":"https:\/\/angiestravelroutes.com\/en\/wp-json\/wp\/v2\/types\/page"}],"author":[{"embeddable":true,"href":"https:\/\/angiestravelroutes.com\/en\/wp-json\/wp\/v2\/users\/1"}],"replies":[{"embeddable":true,"href":"https:\/\/angiestravelroutes.com\/en\/wp-json\/wp\/v2\/comments?post=12770"}],"version-history":[{"count":9,"href":"https:\/\/angiestravelroutes.com\/en\/wp-json\/wp\/v2\/pages\/12770\/revisions"}],"predecessor-version":[{"id":16277,"href":"https:\/\/angiestravelroutes.com\/en\/wp-json\/wp\/v2\/pages\/12770\/revisions\/16277"}],"wp:attachment":[{"href":"https:\/\/angiestravelroutes.com\/en\/wp-json\/wp\/v2\/media?parent=12770"}],"curies":[{"name":"wp","href":"https:\/\/api.w.org\/{rel}","templated":true}]}}