{"id":16132,"date":"2025-11-09T23:07:40","date_gmt":"2025-11-09T22:07:40","guid":{"rendered":"https:\/\/angiestravelroutes.com\/?page_id=16132"},"modified":"2025-11-13T21:40:24","modified_gmt":"2025-11-13T20:40:24","slug":"advent-calendar","status":"publish","type":"page","link":"https:\/\/angiestravelroutes.com\/en\/adventskalender\/","title":{"rendered":"Advent calendar"},"content":{"rendered":"<p>[et_pb_section fb_built=&#8220;1&#8243; _builder_version=&#8220;4.27.4&#8243; _module_preset=&#8220;default&#8220; background_color=&#8220;#F8F9F0&#8243; global_colors_info=&#8220;{}&#8220;][et_pb_row custom_padding_last_edited=&#8220;on|phone&#8220; _builder_version=&#8220;4.27.4&#8243; _module_preset=&#8220;default&#8220; width=&#8220;100%&#8220; width_tablet=&#8220;100%&#8220; width_phone=&#8220;100%&#8220; width_last_edited=&#8220;on|phone&#8220; max_width_tablet=&#8220;2311%&#8220; max_width_phone=&#8220;2311%&#8220; max_width_last_edited=&#8220;on|tablet&#8220; module_alignment=&#8220;center&#8220; custom_margin=&#8220;50px||50px||false|false&#8220; custom_margin_tablet=&#8220;50px||50px||false|false&#8220; custom_margin_phone=&#8220;||||false|false&#8220; custom_margin_last_edited=&#8220;on|phone&#8220; custom_padding_tablet=&#8220;&#8220; custom_padding_phone=&#8220;|0px|||false|false&#8220; module_alignment_tablet=&#8220;center&#8220; module_alignment_phone=&#8220;center&#8220; module_alignment_last_edited=&#8220;on|phone&#8220; global_colors_info=&#8220;{}&#8220;][et_pb_column type=&#8220;4_4&#8243; _builder_version=&#8220;4.27.4&#8243; _module_preset=&#8220;default&#8220; global_colors_info=&#8220;{}&#8220;][et_pb_text _builder_version=&#8220;4.27.4&#8243; _module_preset=&#8220;default&#8220; text_text_color=&#8220;#F8F9F0&#8243; header_text_color=&#8220;#F8F9F0&#8243; header_line_height=&#8220;1.4em&#8220; header_4_text_color=&#8220;#F8F9F0&#8243; background_image=&#8220;https:\/\/angiestravelroutes.com\/wp-content\/uploads\/adventskalender-erfurt-domplatz-2.jpg&#8220; text_orientation=&#8220;center&#8220; width_tablet=&#8220;&#8220; width_phone=&#8220;&#8220; width_last_edited=&#8220;on|phone&#8220; max_width=&#8220;100%&#8220; custom_margin=&#8220;||||false|false&#8220; custom_padding=&#8220;150px|0px|50px|0px|false|false&#8220; custom_padding_tablet=&#8220;150px|0px|50px|0px|false|false&#8220; custom_padding_phone=&#8220;150px|0px|50px|50px|false|false&#8220; custom_padding_last_edited=&#8220;on|phone&#8220; hover_enabled=&#8220;0&#8243; text_orientation_tablet=&#8220;center&#8220; text_orientation_phone=&#8220;center&#8220; text_orientation_last_edited=&#8220;on|desktop&#8220; module_alignment_tablet=&#8220;&#8220; module_alignment_phone=&#8220;&#8220; module_alignment_last_edited=&#8220;on|phone&#8220; global_colors_info=&#8220;{}&#8220; width__hover_enabled=&#8220;on|desktop&#8220; header_2_font=&#8220;Open Sans||||||||&#8220; header_3_font=&#8220;Open Sans||||||||&#8220; header_4_font=&#8220;Open Sans||||||||&#8220; sticky_enabled=&#8220;0&#8243;]<\/p>\n<h4><\/h4>\n<h1><\/h1>\n<h1><\/h1>\n<h1><\/h1>\n<h1>Altstadtzauber in Deutschland<\/h1>\n<p>&nbsp;<\/p>\n<h4><strong>Ein Adventskalender f\u00fcr Stadtentdecker und Genie\u00dfer<\/strong><\/h4>\n<p>&nbsp;<\/p>\n<p>&nbsp;<\/p>\n<p>&nbsp;<\/p>\n<p>&nbsp;<\/p>\n<p>&nbsp;<\/p>\n<p>&nbsp;<\/p>\n<p>&nbsp;<\/p>\n<p>&gt;<\/p>\n<p>[\/et_pb_text][\/et_pb_column][\/et_pb_row][et_pb_row _builder_version=&#8220;4.27.4&#8243; _module_preset=&#8220;default&#8220; custom_padding=&#8220;20px||||false|false&#8220; global_colors_info=&#8220;{}&#8220;][et_pb_column type=&#8220;4_4&#8243; _builder_version=&#8220;4.27.4&#8243; _module_preset=&#8220;default&#8220; global_colors_info=&#8220;{}&#8220;][et_pb_text _builder_version=&#8220;4.27.4&#8243; _module_preset=&#8220;default&#8220; header_2_text_align=&#8220;center&#8220; header_2_text_color=&#8220;#BC9C22&#8243; header_2_font_size=&#8220;40px&#8220; custom_margin=&#8220;||50px||false|false&#8220; custom_padding=&#8220;|||20px|false|false&#8220; global_colors_info=&#8220;{}&#8220;]<\/p>\n<h2 style=\"text-align: left;\">Sichere dir 12 Altstadtrundg\u00e4nge f\u00fcr 0 \u20ac!<\/h2>\n<p>[\/et_pb_text][et_pb_text _builder_version=&#8220;4.27.4&#8243; _module_preset=&#8220;default&#8220; text_font=&#8220;|700|||||||&#8220; text_font_size=&#8220;24px&#8220; text_line_height=&#8220;1.8em&#8220; custom_margin=&#8220;||100px||false|false&#8220; custom_padding=&#8220;|||20px|false|false&#8220; global_colors_info=&#8220;{}&#8220;]<\/p>\n<p data-start=\"696\" data-end=\"986\">Erlebe den Advent auf eine ganz besondere Weise \u2013 mit vorweihnachtlichen Spazierg\u00e4ngen durch Deutschlands sch\u00f6nste Altst\u00e4dte.<br data-start=\"806\" data-end=\"809\" \/>Zwischen Fachwerk, Kopfsteinpflaster und festlich geschm\u00fcckten Pl\u00e4tzen begleite ich dich auf 12 stimmungsvollen Rundg\u00e4ngen \u2013 <strong data-start=\"934\" data-end=\"984\">von Bremen bis Augsburg, von Trier bis Weimar.<\/strong><\/p>\n<p data-start=\"988\" data-end=\"1206\">Jede Stadt erz\u00e4hlt ihre eigene Geschichte: von Hanseglanz und Barockpracht, von Dichtern, K\u00f6nigen und Kaufleuten. Und du entdeckst sie im Lichterglanz der Vorweihnachtszeit \u2013 <strong data-start=\"795\" data-end=\"840\">auf einer Reise voller Kultur und Genuss.<\/strong><\/p>\n<p>[\/et_pb_text][\/et_pb_column][\/et_pb_row][et_pb_row _builder_version=&#8220;4.27.4&#8243; _module_preset=&#8220;default&#8220; background_color=&#8220;#ebe0ba&#8220; width=&#8220;100%&#8220; custom_margin=&#8220;||100px||false|false&#8220; custom_padding=&#8220;50px|0px|100px|0px|false|false&#8220; global_colors_info=&#8220;{}&#8220;][et_pb_column type=&#8220;4_4&#8243; _builder_version=&#8220;4.27.4&#8243; _module_preset=&#8220;default&#8220; global_colors_info=&#8220;{}&#8220;][et_pb_text _builder_version=&#8220;4.27.4&#8243; _module_preset=&#8220;default&#8220; text_font=&#8220;||||||||&#8220; text_font_size=&#8220;20px&#8220; text_line_height=&#8220;1.8em&#8220; header_2_font_size=&#8220;30px&#8220; width=&#8220;77%&#8220; custom_margin=&#8220;|67px||69px|false|false&#8220; custom_padding=&#8220;10px|0px||10px|false|false&#8220; global_colors_info=&#8220;{}&#8220;]<\/p>\n<h2 data-start=\"1022\" data-end=\"1218\" style=\"text-align: center;\"><span data-start=\"1026\" data-end=\"1050\">Das erwartet dich:<\/span><\/h2>\n<p><span data-start=\"1026\" data-end=\"1050\"><\/span><\/p>\n<p data-start=\"1022\" data-end=\"1218\"><span data-start=\"1026\" data-end=\"1050\">\ud83d\udd4d <\/span><strong data-start=\"1026\" data-end=\"1050\">12 Altstadtrundg\u00e4nge<br \/><\/strong>Alle zwei Tage im Advent direkt in dein Postfach.<br data-start=\"1102\" data-end=\"1105\" \/>Mit Sehensw\u00fcrdigkeiten, Geheimtipps und einer interaktiven Google-MyMaps-Karte f\u00fcr deinen eigenen Spaziergang.<\/p>\n<p data-start=\"1223\" data-end=\"1388\">\ud83d\udca1 <strong data-start=\"1226\" data-end=\"1270\">Insiderwissen &amp; Geschichte zum Mitnehmen<\/strong><br data-start=\"1270\" data-end=\"1273\" \/>Erfahre, was jede Stadt besonders macht \u2013 von historischen Highlights bis zu kleinen, oft \u00fcbersehenen Details.<\/p>\n<p data-start=\"1393\" data-end=\"1557\">\u2615 <strong data-start=\"1395\" data-end=\"1425\">Genussmomente &amp; Reisetipps<\/strong><br data-start=\"1425\" data-end=\"1428\" \/>Ob winterlicher Gl\u00fchweinduft, gem\u00fctliches Caf\u00e9 oder Aussichtspunkt f\u00fcrs perfekte Foto \u2013 ich verrate dir meine Lieblingsorte.<\/p>\n<p>[\/et_pb_text][\/et_pb_column][\/et_pb_row][et_pb_row _builder_version=&#8220;4.27.4&#8243; _module_preset=&#8220;default&#8220; custom_padding=&#8220;0px||27px|||&#8220; global_colors_info=&#8220;{}&#8220;][et_pb_column type=&#8220;4_4&#8243; _builder_version=&#8220;4.27.4&#8243; _module_preset=&#8220;default&#8220; global_colors_info=&#8220;{}&#8220;][et_pb_text _builder_version=&#8220;4.27.4&#8243; _module_preset=&#8220;default&#8220; text_font=&#8220;|600|||||||&#8220; text_font_size=&#8220;24px&#8220; text_line_height=&#8220;1.8em&#8220; header_2_font_size=&#8220;30px&#8220; header_2_line_height=&#8220;2.5em&#8220; header_3_font_size=&#8220;34px&#8220; custom_padding=&#8220;||45px|20px|false|false&#8220; global_colors_info=&#8220;{}&#8220;]<\/p>\n<h2 data-start=\"1962\" data-end=\"1988\" style=\"text-align: center;\"><\/h2>\n<h2 data-start=\"1564\" data-end=\"1592\" style=\"text-align: center;\"><strong data-start=\"1568\" data-end=\"1592\">\ud83c\udf81 So funktioniert\u2019s:<\/strong><\/h2>\n<p data-start=\"1593\" data-end=\"1831\">Melde dich jetzt\u00a0f\u00fcr meinen <strong>kostenlosen <\/strong>Newsletter-Adventskalender an.<br data-start=\"1661\" data-end=\"1664\" \/>Vom <strong data-start=\"1668\" data-end=\"1691\">1. bis 23. Dezember<\/strong> erh\u00e4ltst du <strong data-start=\"1704\" data-end=\"1722\">alle zwei Tage<\/strong> eine E-Mail mit einem neuen Stadtrundgang durch eine deutsche Altstadt \u2013 mit Text, Karte, Fotos und Tipps. W\u00e4hrend der Adventskalender-Aktion ist alles kostenlos!<\/p>\n<p data-start=\"1833\" data-end=\"1955\"><strong>Nach Weihnachten erscheinen alle 12 Rundg\u00e4nge als liebevoll gestaltetes E-Book<\/strong>, das du dir f\u00fcr deine zuk\u00fcnftigen Reisen dauerhaft sichern kannst.<\/p>\n<p>[\/et_pb_text][\/et_pb_column][\/et_pb_row][et_pb_row _builder_version=&#8220;4.16&#8243; _module_preset=&#8220;default&#8220; global_colors_info=&#8220;{}&#8220;][et_pb_column type=&#8220;4_4&#8243; _builder_version=&#8220;4.16&#8243; _module_preset=&#8220;default&#8220; global_colors_info=&#8220;{}&#8220;][et_pb_text module_class=&#8220;wplo-bullet&#8220; _builder_version=&#8220;4.27.4&#8243; _module_preset=&#8220;default&#8220; header_2_font_size=&#8220;30px&#8220; header_2_line_height=&#8220;1.5em&#8220; custom_margin=&#8220;||29px|||&#8220; global_colors_info=&#8220;{}&#8220;]<\/p>\n<p>&nbsp;<\/p>\n<h2 style=\"text-align: center;\">Melde dich jetzt f\u00fcr den Adventskalender an:<\/h2>\n<p>&nbsp;<\/p>\n<p><br \/><br \/><div class='fluentform ff-default fluentform_wrapper_12 ffs_default_wrap'><form data-form_id=\"12\" id=\"fluentform_12\" class=\"frm-fluent-form fluent_form_12 ff-el-form-top ff_form_instance_12_1 ff-form-loading c-fluent-optin-1 ffs_default\" data-form_instance=\"ff_form_instance_12_1\" method=\"POST\" ><fieldset  style=\"border: none!important;margin: 0!important;padding: 0!important;background-color: transparent!important;box-shadow: none!important;outline: none!important; min-inline-size: 100%;\">\n                    <legend class=\"ff_screen_reader_title\" style=\"display: block; margin: 0!important;padding: 0!important;height: 0!important;text-indent: -999999px;width: 0!important;overflow:hidden;\">Newsletter Old Town Magic 2025 English (#12)<\/legend><input type='hidden' name='__fluent_form_embded_post_id' value='16132' \/><input type=\"hidden\" id=\"_fluentform_12_fluentformnonce\" name=\"_fluentform_12_fluentformnonce\" value=\"abb275139d\" \/><input type=\"hidden\" name=\"_wp_http_referer\" value=\"\/en\/wp-json\/wp\/v2\/pages\/16132\" \/><div class='ff-el-group  ff-custom_html' tabindex='-1' data-name=\"custom_html-12_1\" ><h3 style=\"text-align: center\">\u2728<strong>Altstadtzauber Deutschland (available in German language only)<\/strong>\u2728<\/h3><\/div><div class='ff-el-group'><div class=\"ff-el-input--label ff-el-is-required asterisk-right\"><label for='ff_12_input_text' id='label_ff_12_input_text' aria-label=\"First Name\">First Name<\/label><\/div><div class='ff-el-input--content'><input type=\"text\" name=\"input_text\" class=\"ff-el-form-control\" placeholder=\"Type in your first name\" data-name=\"input_text\" id=\"ff_12_input_text\"  aria-invalid=\"false\" aria-required=true><\/div><\/div><div class='ff-el-group'><div class=\"ff-el-input--label ff-el-is-required asterisk-right\"><label for='ff_12_email' id='label_ff_12_email' aria-label=\"Email address\">Email address<\/label><\/div><div class='ff-el-input--content'><input type=\"email\" name=\"email\" id=\"ff_12_email\" class=\"ff-el-form-control\" placeholder=\"Type in your email address\" data-name=\"email\"  aria-invalid=\"false\" aria-required=true><\/div><\/div><div class='ff-el-group ff-text-left ff_submit_btn_wrapper ff_submit_btn_wrapper_custom'><button class=\"ff-btn ff-btn-submit ff-btn-md et_pb_button ff_btn_style wpf_has_custom_css\" type=\"submit\" name=\"custom_submit_button-12_2\" data-name=\"custom_submit_button-12_2\"  aria-label=\"Register for 0\u20ac!\">Register for 0\u20ac!<\/button><style>form.fluent_form_12 .wpf_has_custom_css.ff-btn-submit { background-color:rgba(38, 40, 41, 1);border-color:rgba(38, 40, 41, 1);color:#F8F9F0;border-radius:22px;min-width:20%; }form.fluent_form_12 .wpf_has_custom_css.ff-btn-submit:hover { background-color:#ffffff;border-color:#409EFF;color:#409EFF;min-width:100%; } <\/style><\/div><div class='ff-el-group  ff-custom_html' tabindex='-1' data-name=\"custom_html-12_3\" ><p><span style=\"color: #ffffff\">In addition to the advent calendar, you will now also receive my newsletter, which you can unsubscribe from at any time with just one click. I use ActiveCampaign to send my emails. By submitting this form, you agree to this. You can find more information about the processing of your data in my<\/span><span style=\"text-decoration: underline\"><span style=\"color: #000000;text-decoration: underline\"> <a style=\"color: #000000;text-decoration: underline\" href=\"https:\/\/angiestravelroutes.com\/en\/data-privacy\">privacy policy<\/a>.<\/span><\/span><\/p><\/div><\/fieldset><\/form><div id='fluentform_12_errors' class='ff-errors-in-stack ff_form_instance_12_1 ff-form-loading_errors ff_form_instance_12_1_errors'><\/div><\/div>            <script type=\"text\/javascript\">\n                window.fluent_form_ff_form_instance_12_1 = {\"id\":\"12\",\"ajaxUrl\":\"https:\\\/\\\/angiestravelroutes.com\\\/wp-admin\\\/admin-ajax.php\",\"settings\":{\"layout\":{\"labelPlacement\":\"top\",\"helpMessagePlacement\":\"with_label\",\"errorMessagePlacement\":\"inline\",\"cssClassName\":\"\",\"asteriskPlacement\":\"asterisk-right\"},\"restrictions\":{\"denyEmptySubmission\":{\"enabled\":false}}},\"form_instance\":\"ff_form_instance_12_1\",\"form_id_selector\":\"fluentform_12\",\"rules\":{\"input_text\":{\"required\":{\"value\":true,\"message\":\"This field is required\",\"global\":false,\"global_message\":\"Dieses Feld ist erforderlich\"}},\"email\":{\"required\":{\"value\":true,\"message\":\"This field is required\",\"global\":false,\"global_message\":\"Dieses Feld ist erforderlich\"},\"email\":{\"value\":true,\"message\":\"This field requires a valid email address\",\"global\":false,\"global_message\":\"Dieses Feld muss eine g\\u00fcltige E-Mail-Adresse enthalten\"}}},\"debounce_time\":300};\n                            <\/script>\n            <br \/><\/p>\n<p>[\/et_pb_text][\/et_pb_column][\/et_pb_row][et_pb_row column_structure=&#8220;1_4,3_4&#8243; _builder_version=&#8220;4.27.4&#8243; _module_preset=&#8220;default&#8220; background_color=&#8220;#ebe0ba&#8220; custom_padding=&#8220;|30px||30px|false|false&#8220; global_colors_info=&#8220;{}&#8220;][et_pb_column type=&#8220;1_4&#8243; _builder_version=&#8220;4.27.4&#8243; _module_preset=&#8220;default&#8220; global_colors_info=&#8220;{}&#8220;][et_pb_image src=&#8220;https:\/\/angiestravelroutes.com\/wp-content\/uploads\/angelika-portraet-luebeck.png&#8220; _builder_version=&#8220;4.27.4&#8243; _module_preset=&#8220;default&#8220; border_radii=&#8220;on|180px|180px|180px|180px&#8220; global_colors_info=&#8220;{}&#8220;][\/et_pb_image][\/et_pb_column][et_pb_column type=&#8220;3_4&#8243; _builder_version=&#8220;4.27.4&#8243; _module_preset=&#8220;default&#8220; global_colors_info=&#8220;{}&#8220;][et_pb_text _builder_version=&#8220;4.27.4&#8243; _module_preset=&#8220;default&#8220; text_font=&#8220;||||||||&#8220; header_2_font=&#8220;||||||||&#8220; header_2_font_size=&#8220;24px&#8220; global_colors_info=&#8220;{}&#8220;]<\/p>\n<h2>Angelika\u00a0 Klein<\/h2>\n<p>[\/et_pb_text][et_pb_text _builder_version=&#8220;4.27.4&#8243; _module_preset=&#8220;default&#8220; global_colors_info=&#8220;{}&#8220;]<\/p>\n<p><strong>\u00dcber mich: <\/strong>Ich reise, schreibe und fotografiere f\u00fcr mein Leben gern \u2013 am liebsten dort, wo die Vergangenheit sichtbar wird. Ob Fachwerkst\u00e4dte, Schl\u00f6sser oder stille Landschaften &#8211; in jedem Ort steckt etwas, das ber\u00fchrt und zum Weiterdenken anregt. Mit meinem Blog <em>Angie\u2019s Travel Routes<\/em> m\u00f6chte ich dich inspirieren, Deutschland auf eigene Faust zu entdecken. Daf\u00fcr teile ich meine Erfahrungen, pers\u00f6nlichen Eindr\u00fccke und praktische Routentipps, die deine n\u00e4chste Reise zu einem besonderen Erlebnis machen.<\/p>\n<p>Mehr \u00fcber mich erf\u00e4hrst du <a href=\"https:\/\/angiestravelroutes.com\/reiseblog-deutschland\/\"><strong>hier<\/strong><\/a>.<\/p>\n<p>[\/et_pb_text][\/et_pb_column][\/et_pb_row][\/et_pb_section][et_pb_section fb_built=&#8220;1&#8243; fullwidth=&#8220;on&#8220; _builder_version=&#8220;4.27.4&#8243; _module_preset=&#8220;default&#8220; global_colors_info=&#8220;{}&#8220;][\/et_pb_section]<\/p>\n","protected":false},"excerpt":{"rendered":"<p>Altstadtzauber in Deutschland &nbsp; Ein Adventskalender f\u00fcr Stadtentdecker und Genie\u00dfer &nbsp; &nbsp; &nbsp; &nbsp; &nbsp; &nbsp; &nbsp; &gt;Sichere dir 12 Altstadtrundg\u00e4nge f\u00fcr 0 \u20ac!Erlebe den Advent auf eine ganz besondere Weise \u2013 mit vorweihnachtlichen Spazierg\u00e4ngen durch Deutschlands sch\u00f6nste Altst\u00e4dte.Zwischen Fachwerk, Kopfsteinpflaster und festlich geschm\u00fcckten Pl\u00e4tzen begleite ich dich auf 12 stimmungsvollen Rundg\u00e4ngen \u2013 von Bremen [&hellip;]<\/p>\n","protected":false},"author":1,"featured_media":0,"parent":0,"menu_order":0,"comment_status":"closed","ping_status":"closed","template":"","meta":{"_et_pb_use_builder":"on","_et_pb_old_content":"","_et_gb_content_width":"","_uag_custom_page_level_css":"","_lmt_disableupdate":"","_lmt_disable":"","footnotes":""},"class_list":["post-16132","page","type-page","status-publish","hentry"],"uagb_featured_image_src":{"full":false,"thumbnail":false,"medium":false,"medium_large":false,"large":false,"1536x1536":false,"2048x2048":false,"trp-custom-language-flag":false,"et-pb-post-main-image":false,"et-pb-post-main-image-fullwidth":false,"et-pb-portfolio-image":false,"et-pb-portfolio-module-image":false,"et-pb-portfolio-image-single":false,"et-pb-gallery-module-image-portrait":false,"et-pb-post-main-image-fullwidth-large":false,"et-pb-image--responsive--desktop":false,"et-pb-image--responsive--tablet":false,"et-pb-image--responsive--phone":false},"uagb_author_info":{"display_name":"Angelika Klein","author_link":"https:\/\/angiestravelroutes.com\/en\/author\/gelisbusiness2022\/"},"uagb_comment_info":0,"uagb_excerpt":"Altstadtzauber in Deutschland &nbsp; Ein Adventskalender f\u00fcr Stadtentdecker und Genie\u00dfer &nbsp; &nbsp; &nbsp; &nbsp; &nbsp; &nbsp; &nbsp; &gt;Sichere dir 12 Altstadtrundg\u00e4nge f\u00fcr 0 \u20ac!Erlebe den Advent auf eine ganz besondere Weise \u2013 mit vorweihnachtlichen Spazierg\u00e4ngen durch Deutschlands sch\u00f6nste Altst\u00e4dte.Zwischen Fachwerk, Kopfsteinpflaster und festlich geschm\u00fcckten Pl\u00e4tzen begleite ich dich auf 12 stimmungsvollen Rundg\u00e4ngen \u2013 von Bremen&hellip;","_links":{"self":[{"href":"https:\/\/angiestravelroutes.com\/en\/wp-json\/wp\/v2\/pages\/16132","targetHints":{"allow":["GET"]}}],"collection":[{"href":"https:\/\/angiestravelroutes.com\/en\/wp-json\/wp\/v2\/pages"}],"about":[{"href":"https:\/\/angiestravelroutes.com\/en\/wp-json\/wp\/v2\/types\/page"}],"author":[{"embeddable":true,"href":"https:\/\/angiestravelroutes.com\/en\/wp-json\/wp\/v2\/users\/1"}],"replies":[{"embeddable":true,"href":"https:\/\/angiestravelroutes.com\/en\/wp-json\/wp\/v2\/comments?post=16132"}],"version-history":[{"count":9,"href":"https:\/\/angiestravelroutes.com\/en\/wp-json\/wp\/v2\/pages\/16132\/revisions"}],"predecessor-version":[{"id":16284,"href":"https:\/\/angiestravelroutes.com\/en\/wp-json\/wp\/v2\/pages\/16132\/revisions\/16284"}],"wp:attachment":[{"href":"https:\/\/angiestravelroutes.com\/en\/wp-json\/wp\/v2\/media?parent=16132"}],"curies":[{"name":"wp","href":"https:\/\/api.w.org\/{rel}","templated":true}]}}