{"id":423,"date":"2022-04-10T15:59:45","date_gmt":"2022-04-10T13:59:45","guid":{"rendered":"https:\/\/angiestravelroutes.com\/?page_id=423"},"modified":"2026-03-24T21:27:49","modified_gmt":"2026-03-24T20:27:49","slug":"travel-blog-germany","status":"publish","type":"page","link":"https:\/\/angiestravelroutes.com\/en\/reiseblog-deutschland\/","title":{"rendered":"Angie's Travel Routes - Travel Blog for Germany"},"content":{"rendered":"<p>[et_pb_section fb_built=&#8220;1&#8243; _builder_version=&#8220;4.16&#8243; _module_preset=&#8220;default&#8220; global_colors_info=&#8220;{}&#8220;][et_pb_row column_structure=&#8220;3_5,2_5&#8243; _builder_version=&#8220;4.19.4&#8243; _module_preset=&#8220;default&#8220; global_colors_info=&#8220;{}&#8220;][et_pb_column type=&#8220;3_5&#8243; _builder_version=&#8220;4.16&#8243; _module_preset=&#8220;default&#8220; global_colors_info=&#8220;{}&#8220;][et_pb_text _builder_version=&#8220;4.19.4&#8243; _module_preset=&#8220;default&#8220; global_colors_info=&#8220;{}&#8220;]<\/p>\n<p style=\"margin: 0cm; vertical-align: baseline;\"><b><span style=\"font-size: 24.0pt; font-family: 'Noto Serif',serif; color: #262829;\">Hallo,<o:p><\/o:p><\/span><\/b><\/p>\n<p style=\"margin: 0cm; vertical-align: baseline; box-sizing: border-box; outline: 0px; text-size-adjust: 100%;\"><b><span style=\"font-size: 24.0pt; font-family: 'Noto Serif',serif; color: #262829;\">ich bin Angelika<o:p><\/o:p><\/span><\/b><\/p>\n<p>[\/et_pb_text][et_pb_text _builder_version=&#8220;4.19.4&#8243; _module_preset=&#8220;default&#8220; header_font_size=&#8220;22px&#8220; custom_padding=&#8220;30px||||false|false&#8220; global_colors_info=&#8220;{}&#8220;]<\/p>\n<h1>Reisebloggerin f\u00fcr Deutschland<\/h1>\n<p>[\/et_pb_text][et_pb_divider _builder_version=&#8220;4.19.4&#8243; _module_preset=&#8220;default&#8220; width=&#8220;57%&#8220; custom_margin=&#8220;||||false|false&#8220; custom_padding=&#8220;20px||||false|false&#8220; global_colors_info=&#8220;{}&#8220;][\/et_pb_divider][et_pb_text _builder_version=&#8220;4.19.4&#8243; _module_preset=&#8220;default&#8220; text_font_size=&#8220;20px&#8220; text_line_height=&#8220;1.8em&#8220; custom_padding=&#8220;0px||||false|false&#8220; global_colors_info=&#8220;{}&#8220;]<\/p>\n<p>Wenn du gern\u00a0<strong>auf eigene Faust<\/strong>\u00a0unterwegs bist, findest du auf meinem Blog\u00a0<strong>Routenvorschl\u00e4ge, die sch\u00f6nsten Sehensw\u00fcrdigkeiten und meine Geheimtipps<\/strong>\u00a0f\u00fcr deine\u00a0<strong>unvergessliche Reise<\/strong>\u00a0oder deinen\u00a0<strong>Roadtrip in Deutschland<\/strong>.<\/p>\n<p>[\/et_pb_text][\/et_pb_column][et_pb_column type=&#8220;2_5&#8243; _builder_version=&#8220;4.16&#8243; _module_preset=&#8220;default&#8220; global_colors_info=&#8220;{}&#8220;][et_pb_image src=&#8220;https:\/\/angiestravelroutes.com\/wp-content\/uploads\/angelika-portraet-sindelfingen-340px-2.jpg&#8220; alt=&#8220;Angelika Klein &#8211; Portr\u00e4t &#8211; Sindelfingen-2- 2022 &#8211; angiestravelroutes.com&#8220; title_text=&#8220;angelika-portraet-sindelfingen-340px-2&#8243; align=&#8220;center&#8220; _builder_version=&#8220;4.19.4&#8243; _module_preset=&#8220;default&#8220; box_shadow_style=&#8220;preset1&#8243; global_colors_info=&#8220;{}&#8220;][\/et_pb_image][\/et_pb_column][\/et_pb_row][et_pb_row _builder_version=&#8220;4.16&#8243; _module_preset=&#8220;default&#8220; custom_padding=&#8220;46px|||||&#8220; global_colors_info=&#8220;{}&#8220;][et_pb_column type=&#8220;4_4&#8243; _builder_version=&#8220;4.16&#8243; _module_preset=&#8220;default&#8220; global_colors_info=&#8220;{}&#8220;][et_pb_text module_class=&#8220;wplo-bullet&#8220; _builder_version=&#8220;4.27.5&#8243; _module_preset=&#8220;default&#8220; header_3_line_height=&#8220;1.4em&#8220; custom_padding=&#8220;30px||||false|false&#8220; hover_enabled=&#8220;0&#8243; global_colors_info=&#8220;{}&#8220; sticky_enabled=&#8220;0&#8243;]<\/p>\n<p>&nbsp;<\/p>\n<p>Mit meinen <strong>Tipps und Routenvorschl\u00e4gen<\/strong> helfe ich dir, deine <strong>perfekte Reiseroute<\/strong> f\u00fcr deinen <strong><a href=\"https:\/\/angiestravelroutes.com\/roadtrip-deutschland\/\">Roadtrip<\/a><\/strong> durch mein wundersch\u00f6nes Heimatland selbst zusammenzustellen.<\/p>\n<p>Wenn du dem Backpacker-Alter entwachsen bist, hast du vermutlich &#8211; wie ich &#8211; einen gewissen Anspruch an Unterk\u00fcnfte, Restaurants, Transportmittel etc. Ich achte bei meinen Reisen auf ein optimales Preis-Leistungs-Verh\u00e4ltnis und gebe meine Erkenntnisse hierzu gern an dich weiter.<\/p>\n<p>Jahrzehntelang habe ich privat und beruflich fast alle Kontinente bereist. Daher wei\u00df ich, welche Themen dich bei der Vorbereitung einer selbst organisierten Reise umtreiben. Auf meinem Blog bekommst du:<\/p>\n<ul>\n<li>Vorschl\u00e4ge sowohl f\u00fcr\u00a0klassische als auch f\u00fcr ungew\u00f6hnliche Reiserouten durch Deutschland<\/li>\n<li>Viele praktische Informationen zu bekannten und weniger bekannten Orten in Deutschland<\/li>\n<li>Meine ehrliche Meinung zu Sehensw\u00fcrdigkeiten, Museen, Hotels, Restaurants \u2026<\/li>\n<li>Hintergrund-Infos zur deutschen Geschichte, Kunst, Architektur und wichtigen Pers\u00f6nlichkeiten<\/li>\n<li>Kulturelles, Kulinarisches und Kurioses \u00fcber \u201edie Deutschen\u201c<\/li>\n<\/ul>\n<p style=\"text-align: left;\">Mit meinem Blog m\u00f6chte ich Reisenden aus dem In- und Ausland helfen, die Sch\u00f6nheiten und Eigenarten Deutschlands zu entdecken. Wenn du als Deutsche:r hier gelandet bist, m\u00f6chtest du vermutlich dein eigenes Land besser kennenlernen. Auch dann wirst du von meinen Tipps profitieren.<\/p>\n<p>&nbsp;<\/p>\n<p>[\/et_pb_text][\/et_pb_column][\/et_pb_row][et_pb_row column_structure=&#8220;1_3,1_3,1_3&#8243; _builder_version=&#8220;4.16&#8243; _module_preset=&#8220;default&#8220; hover_enabled=&#8220;0&#8243; global_colors_info=&#8220;{}&#8220; sticky_enabled=&#8220;0&#8243;][et_pb_column type=&#8220;1_3&#8243; _builder_version=&#8220;4.16&#8243; _module_preset=&#8220;default&#8220; global_colors_info=&#8220;{}&#8220;][et_pb_blog posts_number=&#8220;3&#8243; include_categories=&#8220;42&#8243; show_author=&#8220;off&#8220; show_date=&#8220;off&#8220; show_categories=&#8220;off&#8220; show_pagination=&#8220;off&#8220; _builder_version=&#8220;4.27.5&#8243; _module_preset=&#8220;default&#8220; hover_enabled=&#8220;0&#8243; custom_css_read_more=&#8220;background-color: #bc9c22;||display: inline-block !important;||color: #fff;||padding: 5px 14px;||margin-top: 15px;||border-radius: 50px;||content: \u201eweiterlesen\u201c;||text-transform: lowercase;&#8220; box_shadow_style_image=&#8220;preset1&#8243; global_colors_info=&#8220;{}&#8220; sticky_enabled=&#8220;0&#8243;][\/et_pb_blog][\/et_pb_column][et_pb_column type=&#8220;1_3&#8243; _builder_version=&#8220;4.16&#8243; _module_preset=&#8220;default&#8220; global_colors_info=&#8220;{}&#8220;][et_pb_blog posts_number=&#8220;3&#8243; include_categories=&#8220;12&#8243; show_author=&#8220;off&#8220; show_date=&#8220;off&#8220; show_categories=&#8220;off&#8220; show_pagination=&#8220;off&#8220; _builder_version=&#8220;4.27.5&#8243; _module_preset=&#8220;default&#8220; hover_enabled=&#8220;0&#8243; custom_css_read_more=&#8220;background-color: #bc9c22;||display: inline-block !important;||color: #fff;||padding: 5px 14px;||margin-top: 15px;||border-radius: 50px;||content: \u201eweiterlesen\u201c;||text-transform: lowercase;&#8220; box_shadow_style_image=&#8220;preset1&#8243; global_colors_info=&#8220;{}&#8220; sticky_enabled=&#8220;0&#8243;][\/et_pb_blog][\/et_pb_column][et_pb_column type=&#8220;1_3&#8243; _builder_version=&#8220;4.16&#8243; _module_preset=&#8220;default&#8220; global_colors_info=&#8220;{}&#8220;][et_pb_blog posts_number=&#8220;3&#8243; include_categories=&#8220;30,27&#8243; show_author=&#8220;off&#8220; show_date=&#8220;off&#8220; show_categories=&#8220;off&#8220; show_pagination=&#8220;off&#8220; _builder_version=&#8220;4.27.5&#8243; _module_preset=&#8220;default&#8220; hover_enabled=&#8220;0&#8243; custom_css_read_more=&#8220;background-color: #bc9c22;||display: inline-block !important;||color: #fff;||padding: 5px 14px;||margin-top: 15px;||border-radius: 50px;||content: \u201eweiterlesen\u201c;||text-transform: lowercase;&#8220; box_shadow_style_image=&#8220;preset1&#8243; global_colors_info=&#8220;{}&#8220; sticky_enabled=&#8220;0&#8243;][\/et_pb_blog][\/et_pb_column][\/et_pb_row][et_pb_row _builder_version=&#8220;4.16&#8243; _module_preset=&#8220;default&#8220; global_colors_info=&#8220;{}&#8220;][et_pb_column type=&#8220;4_4&#8243; _builder_version=&#8220;4.16&#8243; _module_preset=&#8220;default&#8220; global_colors_info=&#8220;{}&#8220;][et_pb_text _builder_version=&#8220;4.19.4&#8243; _module_preset=&#8220;default&#8220; global_colors_info=&#8220;{}&#8220;]<\/p>\n<h2>Die Geschichte von Angie\u2019s Travel Routes<\/h2>\n<p>&nbsp;<\/p>\n<p>Der Gedanke an einen Reiseblog hat mich seit meiner Reha im Jahr 2018 besch\u00e4ftigt. Nach 37 Berufsjahren hatte mich ein Burnout aus der Bahn geworfen. In der Reha wurde mir klar, dass ich so nicht weitermachen konnte. Da mein Arbeitgeber zu dieser Zeit Personal abbaute, ergriff ich die Gelegenheit, aus dem Angestellten-Dasein auszuscheiden. Jetzt m\u00f6chte ich nur noch Dinge tun, die mir Freude machen \u2013 Reisen, Fotografieren und Schreiben, Neues Lernen, mein Wissen und meine Erkenntnisse mit anderen teilen. Das alles kann ich mit diesem Reiseblog unter einen Hut bringen.<\/p>\n<p>Bis zum Ausbruch der Pandemie war ich in vielen L\u00e4ndern und Kulturkreisen unterwegs \u2013 sowohl solo als auch mit Reisepartnern, meistens mit meiner Freundin Paula, die in Melbourne lebt (die ich 2005 auf einer S\u00fcdafrika-Reise kennengelernt habe). Aber auch mit meiner Tochter Anna, meinen Eltern, meiner Schwester und lieben Freundinnen hatte ich einzigartige Reiseerlebnisse.<\/p>\n<h2><\/h2>\n<p>[\/et_pb_text][\/et_pb_column][\/et_pb_row][et_pb_row column_structure=&#8220;1_3,1_3,1_3&#8243; _builder_version=&#8220;4.16&#8243; _module_preset=&#8220;default&#8220; global_colors_info=&#8220;{}&#8220;][et_pb_column type=&#8220;1_3&#8243; _builder_version=&#8220;4.16&#8243; _module_preset=&#8220;default&#8220; global_colors_info=&#8220;{}&#8220;][et_pb_image src=&#8220;https:\/\/angiestravelroutes.com\/wp-content\/uploads\/sambesi-2008-angiestravelroutes.jpg&#8220; alt=&#8220;mit Paula bei einer Bootsfahrt auf dem Sambesi &#8211; 2008 &#8211; angiestravelroutes.com&#8220; title_text=&#8220;sambesi-2008-angiestravelroutes&#8220; align=&#8220;center&#8220; _builder_version=&#8220;4.19.1&#8243; _module_preset=&#8220;default&#8220; module_alignment=&#8220;center&#8220; box_shadow_style=&#8220;preset1&#8243; global_colors_info=&#8220;{}&#8220;][\/et_pb_image][et_pb_image src=&#8220;https:\/\/angiestravelroutes.com\/wp-content\/uploads\/isny-allgaeu-2021-angiestravelroutes.jpg&#8220; alt=&#8220;Familienausflug ins Allg\u00e4u &#8211; Isny 2021 &#8211; angiestravelroutes.com&#8220; title_text=&#8220;isny-allgaeu-2021-angiestravelroutes&#8220; align=&#8220;center&#8220; _builder_version=&#8220;4.19.1&#8243; _module_preset=&#8220;default&#8220; box_shadow_style=&#8220;preset1&#8243; global_colors_info=&#8220;{}&#8220;][\/et_pb_image][\/et_pb_column][et_pb_column type=&#8220;1_3&#8243; _builder_version=&#8220;4.16&#8243; _module_preset=&#8220;default&#8220; global_colors_info=&#8220;{}&#8220;][et_pb_image src=&#8220;https:\/\/angiestravelroutes.com\/wp-content\/uploads\/australien-melbourne-2019-angiestravelroutes.jpg&#8220; alt=&#8220;mit Paula vor der Skyline von Melbourne &#8211; 2019 &#8211; angiestravelroutes.com&#8220; title_text=&#8220;australien-melbourne-2019-angiestravelroutes&#8220; align=&#8220;center&#8220; _builder_version=&#8220;4.19.1&#8243; _module_preset=&#8220;default&#8220; box_shadow_style=&#8220;preset1&#8243; global_colors_info=&#8220;{}&#8220;][\/et_pb_image][et_pb_image src=&#8220;https:\/\/angiestravelroutes.com\/wp-content\/uploads\/achensee-tirol-2022-angiestravelroutes.jpg&#8220; alt=&#8220;2022 mit meiner Freundin Jutta und meiner Tochter Anna am Achensee in Tirol &#8211; angiestravelroutes.com&#8220; title_text=&#8220;achensee-tirol-2022-angiestravelroutes&#8220; align=&#8220;center&#8220; _builder_version=&#8220;4.19.1&#8243; _module_preset=&#8220;default&#8220; box_shadow_style=&#8220;preset1&#8243; global_colors_info=&#8220;{}&#8220;][\/et_pb_image][\/et_pb_column][et_pb_column type=&#8220;1_3&#8243; _builder_version=&#8220;4.16&#8243; _module_preset=&#8220;default&#8220; global_colors_info=&#8220;{}&#8220;][et_pb_image src=&#8220;https:\/\/angiestravelroutes.com\/wp-content\/uploads\/sri-lanka-ella-2017-angiestravelroutes.jpg&#8220; alt=&#8220;Aussichtspunkt bei Ella, Sri Lanka mit Anna und meinem Vater &#8211; 2017 &#8211; angiestravelroutes.com&#8220; title_text=&#8220;sri-lanka-ella-2017-angiestravelroutes&#8220; align=&#8220;center&#8220; _builder_version=&#8220;4.19.1&#8243; _module_preset=&#8220;default&#8220; box_shadow_style=&#8220;preset1&#8243; global_colors_info=&#8220;{}&#8220;][\/et_pb_image][et_pb_image src=&#8220;https:\/\/angiestravelroutes.com\/wp-content\/uploads\/venedig-dorsoduro-2022-angiestravelroutes.jpg&#8220; alt=&#8220;meine Tochter und meine Schwester stossen mit einem Aperol-Spritz auf sch\u00f6ne Tage in Venedig an &#8211; Dorsoduro Venedig 2022 &#8211; angiestravelroutes.com&#8220; title_text=&#8220;venedig-dorsoduro-2022-angiestravelroutes&#8220; align=&#8220;center&#8220; _builder_version=&#8220;4.19.1&#8243; _module_preset=&#8220;default&#8220; box_shadow_style=&#8220;preset1&#8243; global_colors_info=&#8220;{}&#8220;][\/et_pb_image][\/et_pb_column][\/et_pb_row][et_pb_row _builder_version=&#8220;4.16&#8243; _module_preset=&#8220;default&#8220; global_colors_info=&#8220;{}&#8220;][et_pb_column type=&#8220;4_4&#8243; _builder_version=&#8220;4.16&#8243; _module_preset=&#8220;default&#8220; global_colors_info=&#8220;{}&#8220;][et_pb_text module_class=&#8220;wplo-bullet&#8220; _builder_version=&#8220;4.19.4&#8243; _module_preset=&#8220;default&#8220; custom_margin=&#8220;||29px|||&#8220; global_colors_info=&#8220;{}&#8220;]<\/p>\n<p>&nbsp;<\/p>\n<p>Corona legte viele Reisepl\u00e4ne auf Eis. Paula konnte Australien nicht mehr verlassen, und auch f\u00fcr mich gab es seit 2019 nur eine Auslandsreise, als ich im Oktober 2020 spontan nach Rhodos flog. Ansonsten war ich w\u00e4hrend der Pandemie nur in Deutschland unterwegs. Wenn du jetzt glaubst, dass ich das frustrierend und langweilig fand, kann ich dir sagen \u2013 es war zu meiner eigenen \u00dcberraschung nicht so.<\/p>\n<p>Ich war begeistert von Orten, die ich sonst vielleicht nie besucht h\u00e4tte. Auch bei Ausfl\u00fcgen in der N\u00e4he meines Wohnorts bei Stuttgart machte ich \u00fcberraschende Entdeckungen. Besonders mein Roadtrip im Sommer 2021 durch die Mitte Deutschlands &#8211; fr\u00fcher Teil der DDR &#8211; hat in meinem Kopf einen Schalter umgelegt. Die Wartburg bei Eisenach, die Herzogin-Anna-Amalia-Bibliothek und Goethes Wohnhaus in Weimar, die sch\u00f6ne th\u00fcringische Hauptstadt Erfurt, die Nikolaikirche in Leipzig und unsere mich immer wieder faszinierende Hauptstadt Berlin \u2026 Diese Erlebnisse haben in mir den Wunsch geweckt, m\u00f6glichst vielen Menschen zu zeigen, was f\u00fcr ein spannendes und vielf\u00e4ltiges Reiseziel Deutschland ist.<\/p>\n<p>&nbsp;<\/p>\n<h2><strong>Komm deiner Entdeckungsreise durch Deutschland schon heute ein St\u00fcck n\u00e4her und abonniere meinen Newsletter.<\/strong><\/h2>\n<p><strong><\/strong><\/p>\n<p><strong><\/strong><\/p>\n<p>Darin teile ich mit dir ein- bis zweimal monatlich:<\/p>\n<p>&nbsp;<\/p>\n<ul>\n<li>Meine neuesten Blogartikel mit vielen Reisetipps<\/li>\n<li>Vorschl\u00e4ge f\u00fcr Tagesausfl\u00fcge rund um Stuttgart (meine Heimat)<\/li>\n<li>Alle Infos zu meinen neuesten Entdeckungen in Deutschland<\/li>\n<li>Praktische Hinweise f\u00fcr deine Deutschland-Reise<\/li>\n<li>Meine Lieblings-Restaurants, -Caf\u00e9s und -Unterk\u00fcnfte<\/li>\n<li>Die sch\u00f6nsten Events, die du bei deiner Deutschland-Reise nicht verpassen solltest<\/li>\n<li>Meine ma\u00dfgeschneiderten Routenvorschl\u00e4ge, mit denen du Deutschlands sch\u00f6nste Orte und Sehensw\u00fcrdigkeiten \u201aerfahren\u2018 kannst<\/li>\n<\/ul>\n<h2><\/h2>\n<h2><\/h2>\n<h2>Melde dich jetzt f\u00fcr meinen Newsletter an:<\/h2>\n<p><br \/><br \/><div class='fluentform ff-default fluentform_wrapper_4 ffs_default_wrap'><form data-form_id=\"4\" id=\"fluentform_4\" class=\"frm-fluent-form fluent_form_4 ff-el-form-top ff_form_instance_4_1 ff-form-loading c-fluent-optin-1 ffs_default\" data-form_instance=\"ff_form_instance_4_1\" method=\"POST\" ><fieldset  style=\"border: none!important;margin: 0!important;padding: 0!important;background-color: transparent!important;box-shadow: none!important;outline: none!important; min-inline-size: 100%;\">\n                    <legend class=\"ff_screen_reader_title\" style=\"display: block; margin: 0!important;padding: 0!important;height: 0!important;text-indent: -999999px;width: 0!important;overflow:hidden;\">Newsletter Englisch<\/legend><input type='hidden' name='__fluent_form_embded_post_id' value='423' \/><input type=\"hidden\" id=\"_fluentform_4_fluentformnonce\" name=\"_fluentform_4_fluentformnonce\" value=\"abb275139d\" \/><input type=\"hidden\" name=\"_wp_http_referer\" value=\"\/en\/wp-json\/wp\/v2\/pages\/423\" \/><div class='ff-el-group  ff-custom_html' tabindex='-1' data-name=\"custom_html-4_1\" ><h3>Join my Newsletter<\/h3>\n<p>Receive all my travel tips about Germany (1 to 2 emails per month).<\/p><\/div><div class='ff-el-group'><div class=\"ff-el-input--label ff-el-is-required asterisk-right\"><label for='ff_4_input_text' id='label_ff_4_input_text' aria-label=\"First Name\">First Name<\/label><\/div><div class='ff-el-input--content'><input type=\"text\" name=\"input_text\" class=\"ff-el-form-control\" placeholder=\"Type in your first name\" data-name=\"input_text\" id=\"ff_4_input_text\"  aria-invalid=\"false\" aria-required=true><\/div><\/div><div class='ff-el-group'><div class=\"ff-el-input--label ff-el-is-required asterisk-right\"><label for='ff_4_email' id='label_ff_4_email' aria-label=\"E-Mail\">E-Mail<\/label><\/div><div class='ff-el-input--content'><input type=\"email\" name=\"email\" id=\"ff_4_email\" class=\"ff-el-form-control\" placeholder=\"Type in your e-mail address\" data-name=\"email\"  aria-invalid=\"false\" aria-required=true><\/div><\/div><div class='ff-el-group ff-text-left ff_submit_btn_wrapper ff_submit_btn_wrapper_custom'><button class=\"ff-btn ff-btn-submit ff-btn-md et_pb_button ff_btn_style wpf_has_custom_css\" type=\"submit\" name=\"custom_submit_button-4_2\" data-name=\"custom_submit_button-4_2\"  aria-label=\"Yes, I want all news!\">Yes, I want all news!<\/button><style>form.fluent_form_4 .wpf_has_custom_css.ff-btn-submit { background-color:rgba(38, 40, 41, 1);border-color:rgba(38, 40, 41, 1);color:#F8F9F0;border-radius:22px;min-width:20%; }form.fluent_form_4 .wpf_has_custom_css.ff-btn-submit:hover { background-color:#ffffff;border-color:#409EFF;color:#409EFF;min-width:100%; } <\/style><\/div><div class='ff-el-group  ff-custom_html' tabindex='-1' data-name=\"custom_html-4_3\" ><p><a style=\"color: #fff\" href=\"https:\/\/angiestravelroutes.com\/en\/privacy-policy\/\">Privacy Policy<\/a><\/p><\/div><\/fieldset><\/form><div id='fluentform_4_errors' class='ff-errors-in-stack ff_form_instance_4_1 ff-form-loading_errors ff_form_instance_4_1_errors'><\/div><\/div>            <script type=\"text\/javascript\">\n                window.fluent_form_ff_form_instance_4_1 = {\"id\":\"4\",\"ajaxUrl\":\"https:\\\/\\\/angiestravelroutes.com\\\/wp-admin\\\/admin-ajax.php\",\"settings\":{\"layout\":{\"labelPlacement\":\"top\",\"helpMessagePlacement\":\"with_label\",\"errorMessagePlacement\":\"inline\",\"cssClassName\":\"\",\"asteriskPlacement\":\"asterisk-right\"},\"restrictions\":{\"denyEmptySubmission\":{\"enabled\":false}}},\"form_instance\":\"ff_form_instance_4_1\",\"form_id_selector\":\"fluentform_4\",\"rules\":{\"input_text\":{\"required\":{\"value\":true,\"message\":\"This field is required\"}},\"email\":{\"required\":{\"value\":true,\"message\":\"Dieses Feld ist erforderlich\"},\"email\":{\"value\":true,\"message\":\"Dieses Feld muss eine g\\u00fcltige E-Mail-Adresse enthalten\"}}},\"debounce_time\":300};\n                            <\/script>\n            <br \/><\/p>\n<p>[\/et_pb_text][\/et_pb_column][\/et_pb_row][\/et_pb_section]<\/p>\n","protected":false},"excerpt":{"rendered":"<p>Hallo, ich bin AngelikaReisebloggerin f\u00fcr DeutschlandWenn du gern\u00a0auf eigene Faust\u00a0unterwegs bist, findest du auf meinem Blog\u00a0Routenvorschl\u00e4ge, die sch\u00f6nsten Sehensw\u00fcrdigkeiten und meine Geheimtipps\u00a0f\u00fcr deine\u00a0unvergessliche Reise\u00a0oder deinen\u00a0Roadtrip in Deutschland.&nbsp; Mit meinen Tipps und Routenvorschl\u00e4gen helfe ich dir, deine perfekte Reiseroute f\u00fcr deinen Roadtrip durch mein wundersch\u00f6nes Heimatland selbst zusammenzustellen. Wenn du dem Backpacker-Alter entwachsen bist, hast du [&hellip;]<\/p>\n","protected":false},"author":1,"featured_media":0,"parent":0,"menu_order":0,"comment_status":"closed","ping_status":"closed","template":"","meta":{"_et_pb_use_builder":"on","_et_pb_old_content":"","_et_gb_content_width":"","_uag_custom_page_level_css":"","_lmt_disableupdate":"","_lmt_disable":"","footnotes":""},"class_list":["post-423","page","type-page","status-publish","hentry"],"uagb_featured_image_src":{"full":false,"thumbnail":false,"medium":false,"medium_large":false,"large":false,"1536x1536":false,"2048x2048":false,"trp-custom-language-flag":false,"et-pb-post-main-image":false,"et-pb-post-main-image-fullwidth":false,"et-pb-portfolio-image":false,"et-pb-portfolio-module-image":false,"et-pb-portfolio-image-single":false,"et-pb-gallery-module-image-portrait":false,"et-pb-post-main-image-fullwidth-large":false,"et-pb-image--responsive--desktop":false,"et-pb-image--responsive--tablet":false,"et-pb-image--responsive--phone":false},"uagb_author_info":{"display_name":"Angelika Klein","author_link":"https:\/\/angiestravelroutes.com\/en\/author\/gelisbusiness2022\/"},"uagb_comment_info":0,"uagb_excerpt":"Hallo, ich bin AngelikaReisebloggerin f\u00fcr DeutschlandWenn du gern\u00a0auf eigene Faust\u00a0unterwegs bist, findest du auf meinem Blog\u00a0Routenvorschl\u00e4ge, die sch\u00f6nsten Sehensw\u00fcrdigkeiten und meine Geheimtipps\u00a0f\u00fcr deine\u00a0unvergessliche Reise\u00a0oder deinen\u00a0Roadtrip in Deutschland.&nbsp; Mit meinen Tipps und Routenvorschl\u00e4gen helfe ich dir, deine perfekte Reiseroute f\u00fcr deinen Roadtrip durch mein wundersch\u00f6nes Heimatland selbst zusammenzustellen. Wenn du dem Backpacker-Alter entwachsen bist, hast du&hellip;","_links":{"self":[{"href":"https:\/\/angiestravelroutes.com\/en\/wp-json\/wp\/v2\/pages\/423","targetHints":{"allow":["GET"]}}],"collection":[{"href":"https:\/\/angiestravelroutes.com\/en\/wp-json\/wp\/v2\/pages"}],"about":[{"href":"https:\/\/angiestravelroutes.com\/en\/wp-json\/wp\/v2\/types\/page"}],"author":[{"embeddable":true,"href":"https:\/\/angiestravelroutes.com\/en\/wp-json\/wp\/v2\/users\/1"}],"replies":[{"embeddable":true,"href":"https:\/\/angiestravelroutes.com\/en\/wp-json\/wp\/v2\/comments?post=423"}],"version-history":[{"count":9,"href":"https:\/\/angiestravelroutes.com\/en\/wp-json\/wp\/v2\/pages\/423\/revisions"}],"predecessor-version":[{"id":18130,"href":"https:\/\/angiestravelroutes.com\/en\/wp-json\/wp\/v2\/pages\/423\/revisions\/18130"}],"wp:attachment":[{"href":"https:\/\/angiestravelroutes.com\/en\/wp-json\/wp\/v2\/media?parent=423"}],"curies":[{"name":"wp","href":"https:\/\/api.w.org\/{rel}","templated":true}]}}